{"id":3268,"date":"2022-07-22T11:34:15","date_gmt":"2022-07-22T11:34:15","guid":{"rendered":"https:\/\/mywebsitesdemo.com\/VA\/afosfoundation\/was-wir-tun\/"},"modified":"2025-10-24T20:15:56","modified_gmt":"2025-10-24T20:15:56","slug":"was-wir-tun","status":"publish","type":"page","link":"https:\/\/afos-stiftung.de\/de\/ueber-uns\/was-wir-tun\/","title":{"rendered":"Was wir tun"},"content":{"rendered":"\n<p><strong>Wir f\u00f6rdern unternehmerische Verantwortung als Motor f\u00fcr nachhaltige Entwicklung. Gemeinsam mit Unternehmen, Kammern und \u00f6ffentlichen Partnern schaffen wir Chancen f\u00fcr junge Menschen, st\u00e4rken nachhaltiges Wirtschaften und tragen zur Erreichung der UN-Nachhaltigkeitsziele bei.<\/strong>&nbsp;<\/p>\n\n\n\n<p><\/p>\n\n\n\n<h3 class=\"has-text-align-left\"><strong>Unternehmerische Verantwortung f\u00fcr eine zukunftsf\u00e4hige Welt<\/strong>\u00a0<\/h3>\n\n\n\n<p class=\"has-text-align-left\"><strong>Unternehmen sind Schl\u00fcsselakteure f\u00fcr eine gerechtere, nachhaltige Zukunft.<\/strong>&nbsp;<br>Gemeinsam mit Unternehmerinnen und Unternehmern, Kammern, Verb\u00e4nden und dem \u00f6ffentlichen Sektor schaffen wir Perspektiven \u2013 wirtschaftlich, sozial und \u00f6kologisch.&nbsp;<\/p>\n\n\n\n<p class=\"has-text-align-left\">Mit \u00fcber 20 Jahren Erfahrung in Afrika, Asien und Lateinamerika wissen wir: <strong>Unternehmerische Initiative schafft Wertsch\u00f6pfung, Einkommen und Arbeitspl\u00e4tze. <\/strong>Darum setzen wir auf <strong>unternehmerische Entwicklungszusammenarbeit<\/strong> \u2013 Partnerschaften, die Chancen er\u00f6ffnen und Verantwortung f\u00f6rdern.&nbsp;<\/p>\n\n\n<div class=\"wp-block-image\">\n<figure class=\"aligncenter size-full\"><img loading=\"lazy\" width=\"1366\" height=\"768\" src=\"https:\/\/afos-stiftung.de\/wp-content\/uploads\/2025\/10\/ph-1.png\" alt=\"\" class=\"wp-image-7170\" srcset=\"https:\/\/afos-stiftung.de\/wp-content\/uploads\/2025\/10\/ph-1.png 1366w, https:\/\/afos-stiftung.de\/wp-content\/uploads\/2025\/10\/ph-1-360x202.png 360w, https:\/\/afos-stiftung.de\/wp-content\/uploads\/2025\/10\/ph-1-1024x576.png 1024w, https:\/\/afos-stiftung.de\/wp-content\/uploads\/2025\/10\/ph-1-768x432.png 768w\" sizes=\"(max-width: 1366px) 100vw, 1366px\" \/><\/figure><\/div>\n\n\n<p><\/p>\n\n\n\n<hr class=\"wp-block-separator has-alpha-channel-opacity is-style-dots\"\/>\n\n\n\n<h3 class=\"has-text-align-center\"><strong>Unsere Vision<\/strong>\u00a0<\/h3>\n\n\n\n<p class=\"has-text-align-center has-medium-font-size\"><em>Eine Welt, in der verantwortliches Unternehmertum zu stabilen Lebensbedingungen, sozialer Gerechtigkeit und \u00f6kologischer Nachhaltigkeit beitr\u00e4gt \u2013 im Sinne der UN-Nachhaltigkeitsziele (SDGs)<\/em>.\u00a0<\/p>\n\n\n\n<hr class=\"wp-block-separator has-alpha-channel-opacity is-style-dots\"\/>\n\n\n\n<h3 class=\"has-text-align-left\"><strong>Unser Ansatz \u2013 so arbeiten wir<\/strong>&nbsp;<\/h3>\n\n\n\n<p class=\"has-text-align-left\"><strong>1. Unternehmerische Potenziale entfalten<\/strong>&nbsp;<br>Wir f\u00f6rdern praxisorientierte Aus- und Weiterbildung, damit junge Menschen \u2013 besonders Frauen \u2013 Zugang zu Besch\u00e4ftigung, Einkommen und unternehmerischer Selbst\u00e4ndigkeit erhalten.&nbsp;<\/p>\n\n\n\n<p class=\"has-text-align-left\"><strong>2. Strukturen f\u00fcr nachhaltiges Wirtschaften aufbauen<\/strong>&nbsp;<br>Wir unterst\u00fctzen Partner dabei, verantwortliche Unternehmensf\u00fchrung, nachhaltige Wertsch\u00f6pfungsketten und faire Arbeitsbedingungen zu etablieren \u2013 wirtschaftlich effizient, sozial gerecht und \u00f6kologisch tragf\u00e4hig.&nbsp;<\/p>\n\n\n\n<p class=\"has-text-align-left\"><strong>3. Partnerschaften st\u00e4rken<\/strong>&nbsp;<br>Wir bringen Unternehmen, Kammern, Verb\u00e4nde, Bildungseinrichtungen und den \u00f6ffentlichen Sektor zusammen, um gemeinsam Innovationen voranzubringen und M\u00e4rkte zu entwickeln.&nbsp;<\/p>\n\n\n\n<p class=\"has-text-align-left\"><strong>4. Wissen teilen, Netzwerke mobilisieren<\/strong>&nbsp;<br>Wir beraten zu dualer Berufsbildung, nachhaltiger Produktentwicklung, Finanzierungsl\u00f6sungen und Marktstrategien \u2013 und vernetzen unsere Partner global.&nbsp;<\/p>\n\n\n\n<hr class=\"wp-block-separator has-alpha-channel-opacity is-style-dots\"\/>\n\n\n\n<h3 class=\"has-text-align-left\"><strong>Unsere Werte \u2013 was uns leitet<\/strong>&nbsp;<\/h3>\n\n\n\n<ul><li><strong>Unabh\u00e4ngiges, verantwortliches Unternehmertum<\/strong> als Beitrag zum Gemeinwohl&nbsp;<\/li><\/ul>\n\n\n\n<ul><li><strong>Selbstbestimmung der Partner<\/strong> \u2013 Programme werden gemeinsam entwickelt und umgesetzt&nbsp;<\/li><\/ul>\n\n\n\n<ul><li><strong>Menschenw\u00fcrdige Arbeitsbedingungen<\/strong> nach den Standards der Internationalen Arbeitsorganisation (ILO)&nbsp;<\/li><\/ul>\n\n\n\n<ul><li><strong>Globale Solidarit\u00e4t<\/strong> \u2013 f\u00fcr faire Rahmenbedingungen und Teilhabe&nbsp;<\/li><\/ul>\n\n\n\n<ul><li><strong>Nachhaltigkeit in allen Dimensionen<\/strong> \u2013 wirtschaftlich, sozial, \u00f6kologisch&nbsp;<\/li><\/ul>\n","protected":false},"excerpt":{"rendered":"<p>Wir f\u00f6rdern unternehmerische Verantwortung als Motor f\u00fcr nachhaltige Entwicklung. Gemeinsam mit Unternehmen, Kammern und \u00f6ffentlichen Partnern schaffen wir Chancen f\u00fcr junge Menschen, st\u00e4rken nachhaltiges Wirtschaften und tragen zur Erreichung der UN-Nachhaltigkeitsziele bei.&nbsp; Unternehmerische Verantwortung f\u00fcr eine zukunftsf\u00e4hige Welt\u00a0 Unternehmen sind Schl\u00fcsselakteure f\u00fcr eine gerechtere, nachhaltige Zukunft.&nbsp;Gemeinsam mit Unternehmerinnen und Unternehmern, Kammern, Verb\u00e4nden und dem \u00f6ffentlichen [&hellip;]<\/p>\n","protected":false},"author":4,"featured_media":0,"parent":3798,"menu_order":0,"comment_status":"closed","ping_status":"closed","template":"who-we-are-page-template.php","meta":[],"acf":[],"yoast_head":"<!-- This site is optimized with the Yoast SEO plugin v19.5.1 - https:\/\/yoast.com\/wordpress\/plugins\/seo\/ -->\n<title>Unternehmerische Entwicklungszusammenarbeit<\/title>\n<meta name=\"description\" content=\"Durch Unternehmerische Entwicklungszusammenarbeit leistet AFOS einen essentiellen Beitrag zur L\u00f6sung der Herausforderungen unserer Zeit.\" \/>\n<meta name=\"robots\" content=\"index, follow, max-snippet:-1, max-image-preview:large, max-video-preview:-1\" \/>\n<link rel=\"canonical\" href=\"https:\/\/afos-stiftung.de\/de\/ueber-uns\/was-wir-tun\/\" \/>\n<meta property=\"og:locale\" content=\"de_DE\" \/>\n<meta property=\"og:type\" content=\"article\" \/>\n<meta property=\"og:title\" content=\"Unternehmerische Entwicklungszusammenarbeit\" \/>\n<meta property=\"og:description\" content=\"Durch Unternehmerische Entwicklungszusammenarbeit leistet AFOS einen essentiellen Beitrag zur L\u00f6sung der Herausforderungen unserer Zeit.\" \/>\n<meta property=\"og:url\" content=\"https:\/\/afos-stiftung.de\/de\/ueber-uns\/was-wir-tun\/\" \/>\n<meta property=\"og:site_name\" content=\"Afosfoundation\" \/>\n<meta property=\"article:modified_time\" content=\"2025-10-24T20:15:56+00:00\" \/>\n<meta property=\"og:image\" content=\"https:\/\/afos-stiftung.de\/wp-content\/uploads\/2025\/10\/ph-1.png\" \/>\n<meta name=\"twitter:card\" content=\"summary_large_image\" \/>\n<meta name=\"twitter:label1\" content=\"Gesch\u00e4tzte Lesezeit\" \/>\n\t<meta name=\"twitter:data1\" content=\"2 Minuten\" \/>\n<script type=\"application\/ld+json\" class=\"yoast-schema-graph\">{\"@context\":\"https:\/\/schema.org\",\"@graph\":[{\"@type\":\"WebPage\",\"@id\":\"https:\/\/afos-stiftung.de\/de\/ueber-uns\/was-wir-tun\/\",\"url\":\"https:\/\/afos-stiftung.de\/de\/ueber-uns\/was-wir-tun\/\",\"name\":\"Unternehmerische Entwicklungszusammenarbeit\",\"isPartOf\":{\"@id\":\"https:\/\/afos-stiftung.de\/de\/#website\"},\"datePublished\":\"2022-07-22T11:34:15+00:00\",\"dateModified\":\"2025-10-24T20:15:56+00:00\",\"description\":\"Durch Unternehmerische Entwicklungszusammenarbeit leistet AFOS einen essentiellen Beitrag zur L\u00f6sung der Herausforderungen unserer Zeit.\",\"breadcrumb\":{\"@id\":\"https:\/\/afos-stiftung.de\/de\/ueber-uns\/was-wir-tun\/#breadcrumb\"},\"inLanguage\":\"de-DE\",\"potentialAction\":[{\"@type\":\"ReadAction\",\"target\":[\"https:\/\/afos-stiftung.de\/de\/ueber-uns\/was-wir-tun\/\"]}]},{\"@type\":\"BreadcrumbList\",\"@id\":\"https:\/\/afos-stiftung.de\/de\/ueber-uns\/was-wir-tun\/#breadcrumb\",\"itemListElement\":[{\"@type\":\"ListItem\",\"position\":1,\"name\":\"Home\",\"item\":\"https:\/\/afos-stiftung.de\/de\/\"},{\"@type\":\"ListItem\",\"position\":2,\"name\":\"\u00dcber uns\",\"item\":\"https:\/\/afos-stiftung.de\/de\/ueber-uns\/\"},{\"@type\":\"ListItem\",\"position\":3,\"name\":\"Was wir tun\"}]},{\"@type\":\"WebSite\",\"@id\":\"https:\/\/afos-stiftung.de\/de\/#website\",\"url\":\"https:\/\/afos-stiftung.de\/de\/\",\"name\":\"Afosfoundation\",\"description\":\"Afosfoundation\",\"publisher\":{\"@id\":\"https:\/\/afos-stiftung.de\/de\/#organization\"},\"potentialAction\":[{\"@type\":\"SearchAction\",\"target\":{\"@type\":\"EntryPoint\",\"urlTemplate\":\"https:\/\/afos-stiftung.de\/de\/?s={search_term_string}\"},\"query-input\":\"required name=search_term_string\"}],\"inLanguage\":\"de-DE\"},{\"@type\":\"Organization\",\"@id\":\"https:\/\/afos-stiftung.de\/de\/#organization\",\"name\":\"Afosfoundation\",\"url\":\"https:\/\/afos-stiftung.de\/de\/\",\"sameAs\":[],\"logo\":{\"@type\":\"ImageObject\",\"inLanguage\":\"de-DE\",\"@id\":\"https:\/\/afos-stiftung.de\/de\/#\/schema\/logo\/image\/\",\"url\":\"https:\/\/afos-stiftung.de\/wp-content\/uploads\/2023\/02\/cropped-Logo-AFOS-Website-1-1.png\",\"contentUrl\":\"https:\/\/afos-stiftung.de\/wp-content\/uploads\/2023\/02\/cropped-Logo-AFOS-Website-1-1.png\",\"width\":300,\"height\":217,\"caption\":\"Afosfoundation\"},\"image\":{\"@id\":\"https:\/\/afos-stiftung.de\/de\/#\/schema\/logo\/image\/\"}}]}<\/script>\n<!-- \/ Yoast SEO plugin. -->","yoast_head_json":{"title":"Unternehmerische Entwicklungszusammenarbeit","description":"Durch Unternehmerische Entwicklungszusammenarbeit leistet AFOS einen essentiellen Beitrag zur L\u00f6sung der Herausforderungen unserer Zeit.","robots":{"index":"index","follow":"follow","max-snippet":"max-snippet:-1","max-image-preview":"max-image-preview:large","max-video-preview":"max-video-preview:-1"},"canonical":"https:\/\/afos-stiftung.de\/de\/ueber-uns\/was-wir-tun\/","og_locale":"de_DE","og_type":"article","og_title":"Unternehmerische Entwicklungszusammenarbeit","og_description":"Durch Unternehmerische Entwicklungszusammenarbeit leistet AFOS einen essentiellen Beitrag zur L\u00f6sung der Herausforderungen unserer Zeit.","og_url":"https:\/\/afos-stiftung.de\/de\/ueber-uns\/was-wir-tun\/","og_site_name":"Afosfoundation","article_modified_time":"2025-10-24T20:15:56+00:00","og_image":[{"url":"https:\/\/afos-stiftung.de\/wp-content\/uploads\/2025\/10\/ph-1.png"}],"twitter_card":"summary_large_image","twitter_misc":{"Gesch\u00e4tzte Lesezeit":"2 Minuten"},"schema":{"@context":"https:\/\/schema.org","@graph":[{"@type":"WebPage","@id":"https:\/\/afos-stiftung.de\/de\/ueber-uns\/was-wir-tun\/","url":"https:\/\/afos-stiftung.de\/de\/ueber-uns\/was-wir-tun\/","name":"Unternehmerische Entwicklungszusammenarbeit","isPartOf":{"@id":"https:\/\/afos-stiftung.de\/de\/#website"},"datePublished":"2022-07-22T11:34:15+00:00","dateModified":"2025-10-24T20:15:56+00:00","description":"Durch Unternehmerische Entwicklungszusammenarbeit leistet AFOS einen essentiellen Beitrag zur L\u00f6sung der Herausforderungen unserer Zeit.","breadcrumb":{"@id":"https:\/\/afos-stiftung.de\/de\/ueber-uns\/was-wir-tun\/#breadcrumb"},"inLanguage":"de-DE","potentialAction":[{"@type":"ReadAction","target":["https:\/\/afos-stiftung.de\/de\/ueber-uns\/was-wir-tun\/"]}]},{"@type":"BreadcrumbList","@id":"https:\/\/afos-stiftung.de\/de\/ueber-uns\/was-wir-tun\/#breadcrumb","itemListElement":[{"@type":"ListItem","position":1,"name":"Home","item":"https:\/\/afos-stiftung.de\/de\/"},{"@type":"ListItem","position":2,"name":"\u00dcber uns","item":"https:\/\/afos-stiftung.de\/de\/ueber-uns\/"},{"@type":"ListItem","position":3,"name":"Was wir tun"}]},{"@type":"WebSite","@id":"https:\/\/afos-stiftung.de\/de\/#website","url":"https:\/\/afos-stiftung.de\/de\/","name":"Afosfoundation","description":"Afosfoundation","publisher":{"@id":"https:\/\/afos-stiftung.de\/de\/#organization"},"potentialAction":[{"@type":"SearchAction","target":{"@type":"EntryPoint","urlTemplate":"https:\/\/afos-stiftung.de\/de\/?s={search_term_string}"},"query-input":"required name=search_term_string"}],"inLanguage":"de-DE"},{"@type":"Organization","@id":"https:\/\/afos-stiftung.de\/de\/#organization","name":"Afosfoundation","url":"https:\/\/afos-stiftung.de\/de\/","sameAs":[],"logo":{"@type":"ImageObject","inLanguage":"de-DE","@id":"https:\/\/afos-stiftung.de\/de\/#\/schema\/logo\/image\/","url":"https:\/\/afos-stiftung.de\/wp-content\/uploads\/2023\/02\/cropped-Logo-AFOS-Website-1-1.png","contentUrl":"https:\/\/afos-stiftung.de\/wp-content\/uploads\/2023\/02\/cropped-Logo-AFOS-Website-1-1.png","width":300,"height":217,"caption":"Afosfoundation"},"image":{"@id":"https:\/\/afos-stiftung.de\/de\/#\/schema\/logo\/image\/"}}]}},"_links":{"self":[{"href":"https:\/\/afos-stiftung.de\/de\/wp-json\/wp\/v2\/pages\/3268"}],"collection":[{"href":"https:\/\/afos-stiftung.de\/de\/wp-json\/wp\/v2\/pages"}],"about":[{"href":"https:\/\/afos-stiftung.de\/de\/wp-json\/wp\/v2\/types\/page"}],"author":[{"embeddable":true,"href":"https:\/\/afos-stiftung.de\/de\/wp-json\/wp\/v2\/users\/4"}],"replies":[{"embeddable":true,"href":"https:\/\/afos-stiftung.de\/de\/wp-json\/wp\/v2\/comments?post=3268"}],"version-history":[{"count":21,"href":"https:\/\/afos-stiftung.de\/de\/wp-json\/wp\/v2\/pages\/3268\/revisions"}],"predecessor-version":[{"id":7197,"href":"https:\/\/afos-stiftung.de\/de\/wp-json\/wp\/v2\/pages\/3268\/revisions\/7197"}],"up":[{"embeddable":true,"href":"https:\/\/afos-stiftung.de\/de\/wp-json\/wp\/v2\/pages\/3798"}],"wp:attachment":[{"href":"https:\/\/afos-stiftung.de\/de\/wp-json\/wp\/v2\/media?parent=3268"}],"curies":[{"name":"wp","href":"https:\/\/api.w.org\/{rel}","templated":true}]}}