{"id":3281,"date":"2022-07-22T12:23:18","date_gmt":"2022-07-22T12:23:18","guid":{"rendered":"https:\/\/mywebsitesdemo.com\/VA\/afosfoundation\/unterstutzen-sie-uns\/"},"modified":"2025-10-24T20:23:18","modified_gmt":"2025-10-24T20:23:18","slug":"unterstutzen-sie-uns","status":"publish","type":"page","link":"https:\/\/afos-stiftung.de\/de\/ueber-uns\/unterstutzen-sie-uns\/","title":{"rendered":"F\u00f6rdern &#038; Mitwirken"},"content":{"rendered":"\n<div class=\"wp-container-2 wp-block-columns\">\n<div class=\"wp-container-1 wp-block-column has-background\" style=\"background-color:#c1d16f00\"><\/div>\n<\/div>\n\n\n\n<h2>Ihre finanzielle F\u00f6rderung hilft \u2013 verantwortlich und nachhaltig!<\/h2>\n\n\n\n<p>Mit Ihrer <strong>finanziellen<\/strong> <strong>Spende <\/strong>tragen Sie dazu bei, dass Klein- und mittelst\u00e4ndische Unternehmerinnen und Unternehmer einen erkennbaren <strong>Beitrag zu wirtschaftlicher Entwicklung, zur Schaffung von Arbeitspl\u00e4tzen <\/strong>und zu <strong>sozialer Gerechtigkeit und Stabilit\u00e4t<\/strong> in ihren L\u00e4ndern leisten k\u00f6nnen. <\/p>\n\n\n\n<p>Durch Ihr F\u00f6rdern und Mitwirken, z.B. durch eine regelm\u00e4\u00dfige Spende, sorgen Sie f\u00fcr Kontinuit\u00e4t in unserer Arbeit vor Ort. Ebenso freuen wir uns \u00fcber einmalige Spenden. Jeder Beitrag macht einen Unterschied!<\/p>\n\n\n\n<p>Herzlichen Dank!<\/p>\n\n\n\n<script type=\"text\/javascript\" src=\"https:\/\/secure.fundraisingbox.com\/app\/paymentJS?hash=fkkdph888q0jziwp\"><\/script><noscript>Bitte Javascript aktivieren<\/noscript><a target=\"_blank\" href=\"https:\/\/www.fundraisingbox.com\/?utm_source=donation_form\" rel=\"noopener\"><img border=\"0\" style=\"border: 0 !important\" src=\"https:\/\/secure.fundraisingbox.com\/images\/FundraisingBox-Logo-Widget.png\" alt=\"FundraisingBox Logo\"><\/a>\n\n\n\n<p><\/p>\n\n\n\n<h2>Sie m\u00f6chten aktiv mitwirken?<\/h2>\n\n\n\n<h3>F\u00f6rdern und Mitwirken als Unternehmen <\/h3>\n\n\n\n<p>Sie teilen unsere Vision und wissen aus eigener Erfahrung, was unternehmerische Verantwortung bedeutet und welchen Beitrag Unternehmen zum wirtschaftlichen, sozialen und \u00f6kologischen Fortschritt einer Gesellschaft leisten k\u00f6nnen? <strong>Gestalten Sie mit uns eine Partnerschaft<\/strong>, die es uns erm\u00f6glicht, uns <strong>gemeinsam f\u00fcr verantwortliches Unternehmertum<\/strong> und die <strong>Verbesserung der Lebens- und Arbeitsbedingungen<\/strong> in unseren Partnerl\u00e4ndern stark zu machen!&nbsp;&nbsp;<\/p>\n\n\n\n<p>Ob <strong>Unternehmensspende<\/strong>, ein <strong>gemeinsames Projekt oder eine gemeinsame Veranstaltung<\/strong> \u2013 es gibt vielf\u00e4ltige M\u00f6glichkeiten, wie wir durch gemeinsames Wirken noch gr\u00f6\u00dfere Erfolge erzielen k\u00f6nnen.&nbsp;<\/p>\n\n\n\n<p>Kontaktieren Sie uns gerne f\u00fcr ein individuelles Gespr\u00e4ch!&nbsp;<\/p>\n\n\n\n<h3><strong>Mitwirken als Expertin oder Experte <\/strong><\/h3>\n\n\n\n<p>Sie verf\u00fcgen \u00fcber <strong>mehrj\u00e4hrige Berufserfahrung <\/strong>in Industrie, Wirtschaft oder im Berufsbildungsbereich im internationalen Kontext und k\u00f6nnen sich vorstellen, uns bei der Umsetzung unserer Projekte in den Partnerl\u00e4ndern beratend zur Seite zu stehen? Wir freuen uns sehr, neue Mitglieder in unserem <strong>Expertenpool<\/strong> begr\u00fc\u00dfen zu d\u00fcrfen! Nehmen Sie Kontakt mit uns auf!&nbsp;&nbsp;<\/p>\n\n\n\n<div class=\"wp-container-3 is-content-justification-center wp-block-buttons\">\n<div class=\"wp-block-button\"><a class=\"wp-block-button__link has-background\" href=\"https:\/\/afos-stiftung.de\/de\/kontakt\/kontakt-deutschland\/\" style=\"background-color:#0a8464\" target=\"_blank\" rel=\"noreferrer noopener\">Kontakt<\/a><\/div>\n<\/div>\n","protected":false},"excerpt":{"rendered":"<p>Ihre finanzielle F\u00f6rderung hilft \u2013 verantwortlich und nachhaltig! Mit Ihrer finanziellen Spende tragen Sie dazu bei, dass Klein- und mittelst\u00e4ndische Unternehmerinnen und Unternehmer einen erkennbaren Beitrag zu wirtschaftlicher Entwicklung, zur Schaffung von Arbeitspl\u00e4tzen und zu sozialer Gerechtigkeit und Stabilit\u00e4t in ihren L\u00e4ndern leisten k\u00f6nnen. Durch Ihr F\u00f6rdern und Mitwirken, z.B. durch eine regelm\u00e4\u00dfige Spende, sorgen [&hellip;]<\/p>\n","protected":false},"author":4,"featured_media":0,"parent":3798,"menu_order":0,"comment_status":"closed","ping_status":"closed","template":"","meta":[],"acf":[],"yoast_head":"<!-- This site is optimized with the Yoast SEO plugin v19.5.1 - https:\/\/yoast.com\/wordpress\/plugins\/seo\/ -->\n<title>F\u00f6rdern und Mitwirken - verantwortlich und nachhaltig<\/title>\n<meta name=\"description\" content=\"Durch Ihr F\u00f6rdern und Mitwirken unterst\u00fctzen Sie AFOS bei der Schaffung von Arbeitspl\u00e4tzen, sozialer Gerechtigkeit und Stabilit\u00e4t.\" \/>\n<meta name=\"robots\" content=\"index, follow, max-snippet:-1, max-image-preview:large, max-video-preview:-1\" \/>\n<link rel=\"canonical\" href=\"https:\/\/afos-stiftung.de\/de\/ueber-uns\/unterstutzen-sie-uns\/\" \/>\n<meta property=\"og:locale\" content=\"de_DE\" \/>\n<meta property=\"og:type\" content=\"article\" \/>\n<meta property=\"og:title\" content=\"F\u00f6rdern und Mitwirken - verantwortlich und nachhaltig\" \/>\n<meta property=\"og:description\" content=\"Durch Ihr F\u00f6rdern und Mitwirken unterst\u00fctzen Sie AFOS bei der Schaffung von Arbeitspl\u00e4tzen, sozialer Gerechtigkeit und Stabilit\u00e4t.\" \/>\n<meta property=\"og:url\" content=\"https:\/\/afos-stiftung.de\/de\/ueber-uns\/unterstutzen-sie-uns\/\" \/>\n<meta property=\"og:site_name\" content=\"Afosfoundation\" \/>\n<meta property=\"article:modified_time\" content=\"2025-10-24T20:23:18+00:00\" \/>\n<meta property=\"og:image\" content=\"https:\/\/secure.fundraisingbox.com\/images\/FundraisingBox-Logo-Widget.png\" \/>\n<meta name=\"twitter:card\" content=\"summary_large_image\" \/>\n<meta name=\"twitter:label1\" content=\"Gesch\u00e4tzte Lesezeit\" \/>\n\t<meta name=\"twitter:data1\" content=\"2 Minuten\" \/>\n<script type=\"application\/ld+json\" class=\"yoast-schema-graph\">{\"@context\":\"https:\/\/schema.org\",\"@graph\":[{\"@type\":\"WebPage\",\"@id\":\"https:\/\/afos-stiftung.de\/de\/ueber-uns\/unterstutzen-sie-uns\/\",\"url\":\"https:\/\/afos-stiftung.de\/de\/ueber-uns\/unterstutzen-sie-uns\/\",\"name\":\"F\u00f6rdern und Mitwirken - verantwortlich und nachhaltig\",\"isPartOf\":{\"@id\":\"https:\/\/afos-stiftung.de\/de\/#website\"},\"datePublished\":\"2022-07-22T12:23:18+00:00\",\"dateModified\":\"2025-10-24T20:23:18+00:00\",\"description\":\"Durch Ihr F\u00f6rdern und Mitwirken unterst\u00fctzen Sie AFOS bei der Schaffung von Arbeitspl\u00e4tzen, sozialer Gerechtigkeit und Stabilit\u00e4t.\",\"breadcrumb\":{\"@id\":\"https:\/\/afos-stiftung.de\/de\/ueber-uns\/unterstutzen-sie-uns\/#breadcrumb\"},\"inLanguage\":\"de-DE\",\"potentialAction\":[{\"@type\":\"ReadAction\",\"target\":[\"https:\/\/afos-stiftung.de\/de\/ueber-uns\/unterstutzen-sie-uns\/\"]}]},{\"@type\":\"BreadcrumbList\",\"@id\":\"https:\/\/afos-stiftung.de\/de\/ueber-uns\/unterstutzen-sie-uns\/#breadcrumb\",\"itemListElement\":[{\"@type\":\"ListItem\",\"position\":1,\"name\":\"Home\",\"item\":\"https:\/\/afos-stiftung.de\/de\/\"},{\"@type\":\"ListItem\",\"position\":2,\"name\":\"\u00dcber uns\",\"item\":\"https:\/\/afos-stiftung.de\/de\/ueber-uns\/\"},{\"@type\":\"ListItem\",\"position\":3,\"name\":\"F\u00f6rdern &#038; Mitwirken\"}]},{\"@type\":\"WebSite\",\"@id\":\"https:\/\/afos-stiftung.de\/de\/#website\",\"url\":\"https:\/\/afos-stiftung.de\/de\/\",\"name\":\"Afosfoundation\",\"description\":\"Afosfoundation\",\"publisher\":{\"@id\":\"https:\/\/afos-stiftung.de\/de\/#organization\"},\"potentialAction\":[{\"@type\":\"SearchAction\",\"target\":{\"@type\":\"EntryPoint\",\"urlTemplate\":\"https:\/\/afos-stiftung.de\/de\/?s={search_term_string}\"},\"query-input\":\"required name=search_term_string\"}],\"inLanguage\":\"de-DE\"},{\"@type\":\"Organization\",\"@id\":\"https:\/\/afos-stiftung.de\/de\/#organization\",\"name\":\"Afosfoundation\",\"url\":\"https:\/\/afos-stiftung.de\/de\/\",\"sameAs\":[],\"logo\":{\"@type\":\"ImageObject\",\"inLanguage\":\"de-DE\",\"@id\":\"https:\/\/afos-stiftung.de\/de\/#\/schema\/logo\/image\/\",\"url\":\"https:\/\/afos-stiftung.de\/wp-content\/uploads\/2023\/02\/cropped-Logo-AFOS-Website-1-1.png\",\"contentUrl\":\"https:\/\/afos-stiftung.de\/wp-content\/uploads\/2023\/02\/cropped-Logo-AFOS-Website-1-1.png\",\"width\":300,\"height\":217,\"caption\":\"Afosfoundation\"},\"image\":{\"@id\":\"https:\/\/afos-stiftung.de\/de\/#\/schema\/logo\/image\/\"}}]}<\/script>\n<!-- \/ Yoast SEO plugin. -->","yoast_head_json":{"title":"F\u00f6rdern und Mitwirken - verantwortlich und nachhaltig","description":"Durch Ihr F\u00f6rdern und Mitwirken unterst\u00fctzen Sie AFOS bei der Schaffung von Arbeitspl\u00e4tzen, sozialer Gerechtigkeit und Stabilit\u00e4t.","robots":{"index":"index","follow":"follow","max-snippet":"max-snippet:-1","max-image-preview":"max-image-preview:large","max-video-preview":"max-video-preview:-1"},"canonical":"https:\/\/afos-stiftung.de\/de\/ueber-uns\/unterstutzen-sie-uns\/","og_locale":"de_DE","og_type":"article","og_title":"F\u00f6rdern und Mitwirken - verantwortlich und nachhaltig","og_description":"Durch Ihr F\u00f6rdern und Mitwirken unterst\u00fctzen Sie AFOS bei der Schaffung von Arbeitspl\u00e4tzen, sozialer Gerechtigkeit und Stabilit\u00e4t.","og_url":"https:\/\/afos-stiftung.de\/de\/ueber-uns\/unterstutzen-sie-uns\/","og_site_name":"Afosfoundation","article_modified_time":"2025-10-24T20:23:18+00:00","og_image":[{"url":"https:\/\/secure.fundraisingbox.com\/images\/FundraisingBox-Logo-Widget.png"}],"twitter_card":"summary_large_image","twitter_misc":{"Gesch\u00e4tzte Lesezeit":"2 Minuten"},"schema":{"@context":"https:\/\/schema.org","@graph":[{"@type":"WebPage","@id":"https:\/\/afos-stiftung.de\/de\/ueber-uns\/unterstutzen-sie-uns\/","url":"https:\/\/afos-stiftung.de\/de\/ueber-uns\/unterstutzen-sie-uns\/","name":"F\u00f6rdern und Mitwirken - verantwortlich und nachhaltig","isPartOf":{"@id":"https:\/\/afos-stiftung.de\/de\/#website"},"datePublished":"2022-07-22T12:23:18+00:00","dateModified":"2025-10-24T20:23:18+00:00","description":"Durch Ihr F\u00f6rdern und Mitwirken unterst\u00fctzen Sie AFOS bei der Schaffung von Arbeitspl\u00e4tzen, sozialer Gerechtigkeit und Stabilit\u00e4t.","breadcrumb":{"@id":"https:\/\/afos-stiftung.de\/de\/ueber-uns\/unterstutzen-sie-uns\/#breadcrumb"},"inLanguage":"de-DE","potentialAction":[{"@type":"ReadAction","target":["https:\/\/afos-stiftung.de\/de\/ueber-uns\/unterstutzen-sie-uns\/"]}]},{"@type":"BreadcrumbList","@id":"https:\/\/afos-stiftung.de\/de\/ueber-uns\/unterstutzen-sie-uns\/#breadcrumb","itemListElement":[{"@type":"ListItem","position":1,"name":"Home","item":"https:\/\/afos-stiftung.de\/de\/"},{"@type":"ListItem","position":2,"name":"\u00dcber uns","item":"https:\/\/afos-stiftung.de\/de\/ueber-uns\/"},{"@type":"ListItem","position":3,"name":"F\u00f6rdern &#038; Mitwirken"}]},{"@type":"WebSite","@id":"https:\/\/afos-stiftung.de\/de\/#website","url":"https:\/\/afos-stiftung.de\/de\/","name":"Afosfoundation","description":"Afosfoundation","publisher":{"@id":"https:\/\/afos-stiftung.de\/de\/#organization"},"potentialAction":[{"@type":"SearchAction","target":{"@type":"EntryPoint","urlTemplate":"https:\/\/afos-stiftung.de\/de\/?s={search_term_string}"},"query-input":"required name=search_term_string"}],"inLanguage":"de-DE"},{"@type":"Organization","@id":"https:\/\/afos-stiftung.de\/de\/#organization","name":"Afosfoundation","url":"https:\/\/afos-stiftung.de\/de\/","sameAs":[],"logo":{"@type":"ImageObject","inLanguage":"de-DE","@id":"https:\/\/afos-stiftung.de\/de\/#\/schema\/logo\/image\/","url":"https:\/\/afos-stiftung.de\/wp-content\/uploads\/2023\/02\/cropped-Logo-AFOS-Website-1-1.png","contentUrl":"https:\/\/afos-stiftung.de\/wp-content\/uploads\/2023\/02\/cropped-Logo-AFOS-Website-1-1.png","width":300,"height":217,"caption":"Afosfoundation"},"image":{"@id":"https:\/\/afos-stiftung.de\/de\/#\/schema\/logo\/image\/"}}]}},"_links":{"self":[{"href":"https:\/\/afos-stiftung.de\/de\/wp-json\/wp\/v2\/pages\/3281"}],"collection":[{"href":"https:\/\/afos-stiftung.de\/de\/wp-json\/wp\/v2\/pages"}],"about":[{"href":"https:\/\/afos-stiftung.de\/de\/wp-json\/wp\/v2\/types\/page"}],"author":[{"embeddable":true,"href":"https:\/\/afos-stiftung.de\/de\/wp-json\/wp\/v2\/users\/4"}],"replies":[{"embeddable":true,"href":"https:\/\/afos-stiftung.de\/de\/wp-json\/wp\/v2\/comments?post=3281"}],"version-history":[{"count":6,"href":"https:\/\/afos-stiftung.de\/de\/wp-json\/wp\/v2\/pages\/3281\/revisions"}],"predecessor-version":[{"id":7201,"href":"https:\/\/afos-stiftung.de\/de\/wp-json\/wp\/v2\/pages\/3281\/revisions\/7201"}],"up":[{"embeddable":true,"href":"https:\/\/afos-stiftung.de\/de\/wp-json\/wp\/v2\/pages\/3798"}],"wp:attachment":[{"href":"https:\/\/afos-stiftung.de\/de\/wp-json\/wp\/v2\/media?parent=3281"}],"curies":[{"name":"wp","href":"https:\/\/api.w.org\/{rel}","templated":true}]}}