{"id":7230,"date":"2025-11-05T13:08:22","date_gmt":"2025-11-05T13:08:22","guid":{"rendered":"https:\/\/afos-stiftung.de\/?page_id=7230"},"modified":"2025-11-05T13:08:25","modified_gmt":"2025-11-05T13:08:25","slug":"danke-fuer-ihre-spende","status":"publish","type":"page","link":"https:\/\/afos-stiftung.de\/de\/danke-fuer-ihre-spende\/","title":{"rendered":"Danke f\u00fcr Ihre Spende!"},"content":{"rendered":"\n<h2>Wir danken Ihnen von Herzen!<\/h2>\n\n\n\n<p>Mit Ihrer Spende an die AFOS-Stiftung tragen Sie dazu bei, Chancen zu schaffen und Zukunft zu gestalten.<\/p>\n\n\n\n<p>Ihre Unterst\u00fctzung st\u00e4rkt unsere Projekte und die Menschen, die wir weltweit begleiten.<\/p>\n\n\n\n<p>Sie erhalten in K\u00fcrze eine Best\u00e4tigung per E-Mail.<\/p>\n\n\n\n<p><a href=\"https:\/\/www.afos-stiftung.de\">Zur\u00fcck zur Startseite<\/a><\/p>\n\n\n\n<p><\/p>\n","protected":false},"excerpt":{"rendered":"<p>Wir danken Ihnen von Herzen! Mit Ihrer Spende an die AFOS-Stiftung tragen Sie dazu bei, Chancen zu schaffen und Zukunft zu gestalten. Ihre Unterst\u00fctzung st\u00e4rkt unsere Projekte und die Menschen, die wir weltweit begleiten. Sie erhalten in K\u00fcrze eine Best\u00e4tigung per E-Mail. Zur\u00fcck zur Startseite<\/p>\n","protected":false},"author":4,"featured_media":0,"parent":0,"menu_order":0,"comment_status":"closed","ping_status":"closed","template":"","meta":[],"acf":[],"yoast_head":"<!-- This site is optimized with the Yoast SEO plugin v19.5.1 - https:\/\/yoast.com\/wordpress\/plugins\/seo\/ -->\n<title>Danke f\u00fcr Ihre Spende! - Afosfoundation<\/title>\n<meta name=\"robots\" content=\"index, follow, max-snippet:-1, max-image-preview:large, max-video-preview:-1\" \/>\n<link rel=\"canonical\" href=\"https:\/\/afos-stiftung.de\/de\/danke-fuer-ihre-spende\/\" \/>\n<meta property=\"og:locale\" content=\"de_DE\" \/>\n<meta property=\"og:type\" content=\"article\" \/>\n<meta property=\"og:title\" content=\"Danke f\u00fcr Ihre Spende! - Afosfoundation\" \/>\n<meta property=\"og:description\" content=\"Wir danken Ihnen von Herzen! Mit Ihrer Spende an die AFOS-Stiftung tragen Sie dazu bei, Chancen zu schaffen und Zukunft zu gestalten. Ihre Unterst\u00fctzung st\u00e4rkt unsere Projekte und die Menschen, die wir weltweit begleiten. Sie erhalten in K\u00fcrze eine Best\u00e4tigung per E-Mail. Zur\u00fcck zur Startseite\" \/>\n<meta property=\"og:url\" content=\"https:\/\/afos-stiftung.de\/de\/danke-fuer-ihre-spende\/\" \/>\n<meta property=\"og:site_name\" content=\"Afosfoundation\" \/>\n<meta property=\"article:modified_time\" content=\"2025-11-05T13:08:25+00:00\" \/>\n<meta name=\"twitter:card\" content=\"summary_large_image\" \/>\n<meta name=\"twitter:label1\" content=\"Gesch\u00e4tzte Lesezeit\" \/>\n\t<meta name=\"twitter:data1\" content=\"1 Minute\" \/>\n<script type=\"application\/ld+json\" class=\"yoast-schema-graph\">{\"@context\":\"https:\/\/schema.org\",\"@graph\":[{\"@type\":\"WebPage\",\"@id\":\"https:\/\/afos-stiftung.de\/de\/danke-fuer-ihre-spende\/\",\"url\":\"https:\/\/afos-stiftung.de\/de\/danke-fuer-ihre-spende\/\",\"name\":\"Danke f\u00fcr Ihre Spende! - Afosfoundation\",\"isPartOf\":{\"@id\":\"https:\/\/afos-stiftung.de\/de\/#website\"},\"datePublished\":\"2025-11-05T13:08:22+00:00\",\"dateModified\":\"2025-11-05T13:08:25+00:00\",\"breadcrumb\":{\"@id\":\"https:\/\/afos-stiftung.de\/de\/danke-fuer-ihre-spende\/#breadcrumb\"},\"inLanguage\":\"de-DE\",\"potentialAction\":[{\"@type\":\"ReadAction\",\"target\":[\"https:\/\/afos-stiftung.de\/de\/danke-fuer-ihre-spende\/\"]}]},{\"@type\":\"BreadcrumbList\",\"@id\":\"https:\/\/afos-stiftung.de\/de\/danke-fuer-ihre-spende\/#breadcrumb\",\"itemListElement\":[{\"@type\":\"ListItem\",\"position\":1,\"name\":\"Home\",\"item\":\"https:\/\/afos-stiftung.de\/de\/\"},{\"@type\":\"ListItem\",\"position\":2,\"name\":\"Danke f\u00fcr Ihre Spende!\"}]},{\"@type\":\"WebSite\",\"@id\":\"https:\/\/afos-stiftung.de\/de\/#website\",\"url\":\"https:\/\/afos-stiftung.de\/de\/\",\"name\":\"Afosfoundation\",\"description\":\"Afosfoundation\",\"publisher\":{\"@id\":\"https:\/\/afos-stiftung.de\/de\/#organization\"},\"potentialAction\":[{\"@type\":\"SearchAction\",\"target\":{\"@type\":\"EntryPoint\",\"urlTemplate\":\"https:\/\/afos-stiftung.de\/de\/?s={search_term_string}\"},\"query-input\":\"required name=search_term_string\"}],\"inLanguage\":\"de-DE\"},{\"@type\":\"Organization\",\"@id\":\"https:\/\/afos-stiftung.de\/de\/#organization\",\"name\":\"Afosfoundation\",\"url\":\"https:\/\/afos-stiftung.de\/de\/\",\"sameAs\":[],\"logo\":{\"@type\":\"ImageObject\",\"inLanguage\":\"de-DE\",\"@id\":\"https:\/\/afos-stiftung.de\/de\/#\/schema\/logo\/image\/\",\"url\":\"https:\/\/afos-stiftung.de\/wp-content\/uploads\/2023\/02\/cropped-Logo-AFOS-Website-1-1.png\",\"contentUrl\":\"https:\/\/afos-stiftung.de\/wp-content\/uploads\/2023\/02\/cropped-Logo-AFOS-Website-1-1.png\",\"width\":300,\"height\":217,\"caption\":\"Afosfoundation\"},\"image\":{\"@id\":\"https:\/\/afos-stiftung.de\/de\/#\/schema\/logo\/image\/\"}}]}<\/script>\n<!-- \/ Yoast SEO plugin. -->","yoast_head_json":{"title":"Danke f\u00fcr Ihre Spende! - Afosfoundation","robots":{"index":"index","follow":"follow","max-snippet":"max-snippet:-1","max-image-preview":"max-image-preview:large","max-video-preview":"max-video-preview:-1"},"canonical":"https:\/\/afos-stiftung.de\/de\/danke-fuer-ihre-spende\/","og_locale":"de_DE","og_type":"article","og_title":"Danke f\u00fcr Ihre Spende! - Afosfoundation","og_description":"Wir danken Ihnen von Herzen! Mit Ihrer Spende an die AFOS-Stiftung tragen Sie dazu bei, Chancen zu schaffen und Zukunft zu gestalten. Ihre Unterst\u00fctzung st\u00e4rkt unsere Projekte und die Menschen, die wir weltweit begleiten. Sie erhalten in K\u00fcrze eine Best\u00e4tigung per E-Mail. Zur\u00fcck zur Startseite","og_url":"https:\/\/afos-stiftung.de\/de\/danke-fuer-ihre-spende\/","og_site_name":"Afosfoundation","article_modified_time":"2025-11-05T13:08:25+00:00","twitter_card":"summary_large_image","twitter_misc":{"Gesch\u00e4tzte Lesezeit":"1 Minute"},"schema":{"@context":"https:\/\/schema.org","@graph":[{"@type":"WebPage","@id":"https:\/\/afos-stiftung.de\/de\/danke-fuer-ihre-spende\/","url":"https:\/\/afos-stiftung.de\/de\/danke-fuer-ihre-spende\/","name":"Danke f\u00fcr Ihre Spende! - Afosfoundation","isPartOf":{"@id":"https:\/\/afos-stiftung.de\/de\/#website"},"datePublished":"2025-11-05T13:08:22+00:00","dateModified":"2025-11-05T13:08:25+00:00","breadcrumb":{"@id":"https:\/\/afos-stiftung.de\/de\/danke-fuer-ihre-spende\/#breadcrumb"},"inLanguage":"de-DE","potentialAction":[{"@type":"ReadAction","target":["https:\/\/afos-stiftung.de\/de\/danke-fuer-ihre-spende\/"]}]},{"@type":"BreadcrumbList","@id":"https:\/\/afos-stiftung.de\/de\/danke-fuer-ihre-spende\/#breadcrumb","itemListElement":[{"@type":"ListItem","position":1,"name":"Home","item":"https:\/\/afos-stiftung.de\/de\/"},{"@type":"ListItem","position":2,"name":"Danke f\u00fcr Ihre Spende!"}]},{"@type":"WebSite","@id":"https:\/\/afos-stiftung.de\/de\/#website","url":"https:\/\/afos-stiftung.de\/de\/","name":"Afosfoundation","description":"Afosfoundation","publisher":{"@id":"https:\/\/afos-stiftung.de\/de\/#organization"},"potentialAction":[{"@type":"SearchAction","target":{"@type":"EntryPoint","urlTemplate":"https:\/\/afos-stiftung.de\/de\/?s={search_term_string}"},"query-input":"required name=search_term_string"}],"inLanguage":"de-DE"},{"@type":"Organization","@id":"https:\/\/afos-stiftung.de\/de\/#organization","name":"Afosfoundation","url":"https:\/\/afos-stiftung.de\/de\/","sameAs":[],"logo":{"@type":"ImageObject","inLanguage":"de-DE","@id":"https:\/\/afos-stiftung.de\/de\/#\/schema\/logo\/image\/","url":"https:\/\/afos-stiftung.de\/wp-content\/uploads\/2023\/02\/cropped-Logo-AFOS-Website-1-1.png","contentUrl":"https:\/\/afos-stiftung.de\/wp-content\/uploads\/2023\/02\/cropped-Logo-AFOS-Website-1-1.png","width":300,"height":217,"caption":"Afosfoundation"},"image":{"@id":"https:\/\/afos-stiftung.de\/de\/#\/schema\/logo\/image\/"}}]}},"_links":{"self":[{"href":"https:\/\/afos-stiftung.de\/de\/wp-json\/wp\/v2\/pages\/7230"}],"collection":[{"href":"https:\/\/afos-stiftung.de\/de\/wp-json\/wp\/v2\/pages"}],"about":[{"href":"https:\/\/afos-stiftung.de\/de\/wp-json\/wp\/v2\/types\/page"}],"author":[{"embeddable":true,"href":"https:\/\/afos-stiftung.de\/de\/wp-json\/wp\/v2\/users\/4"}],"replies":[{"embeddable":true,"href":"https:\/\/afos-stiftung.de\/de\/wp-json\/wp\/v2\/comments?post=7230"}],"version-history":[{"count":1,"href":"https:\/\/afos-stiftung.de\/de\/wp-json\/wp\/v2\/pages\/7230\/revisions"}],"predecessor-version":[{"id":7231,"href":"https:\/\/afos-stiftung.de\/de\/wp-json\/wp\/v2\/pages\/7230\/revisions\/7231"}],"wp:attachment":[{"href":"https:\/\/afos-stiftung.de\/de\/wp-json\/wp\/v2\/media?parent=7230"}],"curies":[{"name":"wp","href":"https:\/\/api.w.org\/{rel}","templated":true}]}}